{"id":126,"date":"2018-11-26T12:45:57","date_gmt":"2018-11-26T10:45:57","guid":{"rendered":"https:\/\/tw-business.net\/about\/"},"modified":"2023-02-15T17:31:59","modified_gmt":"2023-02-15T15:31:59","slug":"bio","status":"publish","type":"page","link":"http:\/\/tw-business.net\/en\/bio\/","title":{"rendered":"bio"},"content":{"rendered":"<div data-elementor-type=\"wp-post\" data-elementor-id=\"126\" class=\"elementor elementor-126\" data-elementor-post-type=\"page\">\n\t\t\t\t\t\t<section class=\"elementor-section elementor-top-section elementor-element elementor-element-688ad38 elementor-section-content-middle elementor-section-boxed elementor-section-height-default elementor-section-height-default\" data-id=\"688ad38\" data-element_type=\"section\" data-e-type=\"section\" data-settings=\"{&quot;background_background&quot;:&quot;classic&quot;}\">\n\t\t\t\t\t\t\t<div class=\"elementor-background-overlay\"><\/div>\n\t\t\t\t\t\t\t<div class=\"elementor-container elementor-column-gap-no\">\n\t\t\t\t\t<div class=\"elementor-column elementor-col-50 elementor-top-column elementor-element elementor-element-1881b60\" data-id=\"1881b60\" data-element_type=\"column\" data-e-type=\"column\">\n\t\t\t<div class=\"elementor-widget-wrap elementor-element-populated\">\n\t\t\t\t\t\t<div class=\"elementor-element elementor-element-7f07624 elementor-widget__width-initial elementor-widget elementor-widget-heading\" data-id=\"7f07624\" data-element_type=\"widget\" data-e-type=\"widget\" data-widget_type=\"heading.default\">\n\t\t\t\t<div class=\"elementor-widget-container\">\n\t\t\t\t\t<span class=\"elementor-heading-title elementor-size-default\">bio<\/span>\t\t\t\t<\/div>\n\t\t\t\t<\/div>\n\t\t\t\t\t<\/div>\n\t\t<\/div>\n\t\t\t\t<div class=\"elementor-column elementor-col-50 elementor-top-column elementor-element elementor-element-43660db\" data-id=\"43660db\" data-element_type=\"column\" data-e-type=\"column\">\n\t\t\t<div class=\"elementor-widget-wrap elementor-element-populated\">\n\t\t\t\t\t\t<div class=\"elementor-element elementor-element-7972a91 elementor-widget elementor-widget-image\" data-id=\"7972a91\" data-element_type=\"widget\" data-e-type=\"widget\" data-widget_type=\"image.default\">\n\t\t\t\t<div class=\"elementor-widget-container\">\n\t\t\t\t\t\t\t\t\t\t\t\t\t\t\t<img fetchpriority=\"high\" decoding=\"async\" width=\"275\" height=\"300\" src=\"https:\/\/tw-business.net\/wp-content\/uploads\/2021\/09\/twb_mealmosthalf_CV-275x300.png\" class=\"attachment-medium size-medium wp-image-1386\" alt=\"\" srcset=\"https:\/\/tw-business.net\/wp-content\/uploads\/2021\/09\/twb_mealmosthalf_CV-275x300.png 275w, https:\/\/tw-business.net\/wp-content\/uploads\/2021\/09\/twb_mealmosthalf_CV-11x12.png 11w, https:\/\/tw-business.net\/wp-content\/uploads\/2021\/09\/twb_mealmosthalf_CV.png 600w\" sizes=\"(max-width: 275px) 100vw, 275px\" \/>\t\t\t\t\t\t\t\t\t\t\t\t\t\t\t<\/div>\n\t\t\t\t<\/div>\n\t\t\t\t\t<\/div>\n\t\t<\/div>\n\t\t\t\t\t<\/div>\n\t\t<\/section>\n\t\t\t\t<section class=\"elementor-section elementor-top-section elementor-element elementor-element-73914a8 elementor-section-boxed elementor-section-height-default elementor-section-height-default\" data-id=\"73914a8\" data-element_type=\"section\" data-e-type=\"section\">\n\t\t\t\t\t\t<div class=\"elementor-container elementor-column-gap-default\">\n\t\t\t\t\t<div class=\"elementor-column elementor-col-66 elementor-top-column elementor-element elementor-element-21ab4be\" data-id=\"21ab4be\" data-element_type=\"column\" data-e-type=\"column\">\n\t\t\t<div class=\"elementor-widget-wrap elementor-element-populated\">\n\t\t\t\t\t\t<div class=\"elementor-element elementor-element-0b4f298 elementor-widget elementor-widget-text-editor\" data-id=\"0b4f298\" data-element_type=\"widget\" data-e-type=\"widget\" data-widget_type=\"text-editor.default\">\n\t\t\t\t<div class=\"elementor-widget-container\">\n\t\t\t\t\t\t\t\t\t<p>In a brief - professional experience as graduated engineer (FH) electrical engineering \/ automation; for more than two decades. Started at software testing and growing in test as well as project managing assignments, up to quality assurance management responsibility. Arrived nowadays in the world of agile - the world of Scrum.<\/p><p>Industries of my professional career to be mentioned - automotive supplier, engineering companies,  pharmaceutical and logistics.<\/p><p>Broad knowledge of experience has been gained throughout German as well as worldwide assignments altogether. Keen interest in international teamwork, based on experience by having cooperated with other cultures.<\/p><p>Successful career which is substantiated by continuous training and rewarded by various certification, whereas my keys lie in characteristics as innovation and adventuring.<\/p><p>Today's world is dominated by circumstances of ongoing adaptation of mine - in profession and in everyday life. Resulting in empirical evolving - simply by idea, based on experience + choice. It simplifies understanding of complexity for approaching a successful solution - the better alternative compared to control complicate tasks towards a resolution by defined and established processes as well as mindset.<\/p>\t\t\t\t\t\t\t\t<\/div>\n\t\t\t\t<\/div>\n\t\t\t\t<div class=\"elementor-element elementor-element-6ed06da elementor-align-center elementor-widget elementor-widget-button\" data-id=\"6ed06da\" data-element_type=\"widget\" data-e-type=\"widget\" data-widget_type=\"button.default\">\n\t\t\t\t<div class=\"elementor-widget-container\">\n\t\t\t\t\t\t\t\t\t<div class=\"elementor-button-wrapper\">\n\t\t\t\t\t<a class=\"elementor-button elementor-button-link elementor-size-md\" href=\"https:\/\/tw-business.net\/en\/contact\/\">\n\t\t\t\t\t\t<span class=\"elementor-button-content-wrapper\">\n\t\t\t\t\t\t\t\t\t<span class=\"elementor-button-text\">Get in touch for more.<\/span>\n\t\t\t\t\t<\/span>\n\t\t\t\t\t<\/a>\n\t\t\t\t<\/div>\n\t\t\t\t\t\t\t\t<\/div>\n\t\t\t\t<\/div>\n\t\t\t\t\t<\/div>\n\t\t<\/div>\n\t\t\t\t<div class=\"elementor-column elementor-col-33 elementor-top-column elementor-element elementor-element-669ecc6\" data-id=\"669ecc6\" data-element_type=\"column\" data-e-type=\"column\" data-settings=\"{&quot;background_background&quot;:&quot;classic&quot;}\">\n\t\t\t<div class=\"elementor-widget-wrap elementor-element-populated\">\n\t\t\t\t\t\t<div class=\"elementor-element elementor-element-4514990 elementor-widget elementor-widget-image\" data-id=\"4514990\" data-element_type=\"widget\" data-e-type=\"widget\" data-widget_type=\"image.default\">\n\t\t\t\t<div class=\"elementor-widget-container\">\n\t\t\t\t\t\t\t\t\t\t\t\t\t\t\t<img decoding=\"async\" width=\"300\" height=\"169\" src=\"https:\/\/tw-business.net\/wp-content\/uploads\/2021\/09\/mycircle-300x169.png\" class=\"attachment-medium size-medium wp-image-1381\" alt=\"\" srcset=\"https:\/\/tw-business.net\/wp-content\/uploads\/2021\/09\/mycircle-300x169.png 300w, https:\/\/tw-business.net\/wp-content\/uploads\/2021\/09\/mycircle-1024x576.png 1024w, https:\/\/tw-business.net\/wp-content\/uploads\/2021\/09\/mycircle-768x432.png 768w, https:\/\/tw-business.net\/wp-content\/uploads\/2021\/09\/mycircle-1536x864.png 1536w, https:\/\/tw-business.net\/wp-content\/uploads\/2021\/09\/mycircle-18x10.png 18w, https:\/\/tw-business.net\/wp-content\/uploads\/2021\/09\/mycircle.png 1920w\" sizes=\"(max-width: 300px) 100vw, 300px\" \/>\t\t\t\t\t\t\t\t\t\t\t\t\t\t\t<\/div>\n\t\t\t\t<\/div>\n\t\t\t\t<div class=\"elementor-element elementor-element-0155840 elementor-widget elementor-widget-heading\" data-id=\"0155840\" data-element_type=\"widget\" data-e-type=\"widget\" data-widget_type=\"heading.default\">\n\t\t\t\t<div class=\"elementor-widget-container\">\n\t\t\t\t\t<h4 class=\"elementor-heading-title elementor-size-default\">decision balancing<\/h4>\t\t\t\t<\/div>\n\t\t\t\t<\/div>\n\t\t\t\t<div class=\"elementor-element elementor-element-dfcc4d1 elementor-widget elementor-widget-text-editor\" data-id=\"dfcc4d1\" data-element_type=\"widget\" data-e-type=\"widget\" data-widget_type=\"text-editor.default\">\n\t\t\t\t<div class=\"elementor-widget-container\">\n\t\t\t\t\t\t\t\t\t<p>instinct<\/p><p>heart<\/p><p>awareness<\/p><p>feeling<\/p>\t\t\t\t\t\t\t\t<\/div>\n\t\t\t\t<\/div>\n\t\t\t\t\t<\/div>\n\t\t<\/div>\n\t\t\t\t\t<\/div>\n\t\t<\/section>\n\t\t\t\t<\/div>","protected":false},"excerpt":{"rendered":"<p>bio In K\u00fcrze &#8211; eine solide Berufserfahrung, mit Abschluss als Dipl.-Ing (FH) Elektrotechnik \/ Automatisierung, \u00fcber mehr als zwei Jahrzehnte. Beginnend vom Software-Tester \u00fcber Test-Management und Projekt-Management, bis hin zu Qualit\u00e4ts-Management. Nunmehr angekommen in der agilen Welt, in der Welt von Scrum. An Branchen w\u00e4ren die Automobil-Zulieferindustrie, \u00fcber verschiedene Dienstleistungs-Unternehmen, die Pharmazie-Branche bis zu Logistik-Unternehmen [&hellip;]<\/p>\n","protected":false},"author":4,"featured_media":0,"parent":0,"menu_order":0,"comment_status":"closed","ping_status":"closed","template":"","meta":{"site-sidebar-layout":"no-sidebar","site-content-layout":"page-builder","ast-site-content-layout":"default","site-content-style":"default","site-sidebar-style":"default","ast-global-header-display":"","ast-banner-title-visibility":"","ast-main-header-display":"","ast-hfb-above-header-display":"","ast-hfb-below-header-display":"","ast-hfb-mobile-header-display":"","site-post-title":"disabled","ast-breadcrumbs-content":"","ast-featured-img":"disabled","footer-sml-layout":"","ast-disable-related-posts":"","theme-transparent-header-meta":"enabled","adv-header-id-meta":"","stick-header-meta":"","header-above-stick-meta":"","header-main-stick-meta":"","header-below-stick-meta":"","astra-migrate-meta-layouts":"default","ast-page-background-enabled":"default","ast-page-background-meta":{"desktop":{"background-color":"","background-image":"","background-repeat":"repeat","background-position":"center center","background-size":"auto","background-attachment":"scroll","background-type":"","background-media":"","overlay-type":"","overlay-color":"","overlay-opacity":"","overlay-gradient":""},"tablet":{"background-color":"","background-image":"","background-repeat":"repeat","background-position":"center center","background-size":"auto","background-attachment":"scroll","background-type":"","background-media":"","overlay-type":"","overlay-color":"","overlay-opacity":"","overlay-gradient":""},"mobile":{"background-color":"","background-image":"","background-repeat":"repeat","background-position":"center center","background-size":"auto","background-attachment":"scroll","background-type":"","background-media":"","overlay-type":"","overlay-color":"","overlay-opacity":"","overlay-gradient":""}},"ast-content-background-meta":{"desktop":{"background-color":"var(--ast-global-color-5)","background-image":"","background-repeat":"repeat","background-position":"center center","background-size":"auto","background-attachment":"scroll","background-type":"","background-media":"","overlay-type":"","overlay-color":"","overlay-opacity":"","overlay-gradient":""},"tablet":{"background-color":"var(--ast-global-color-5)","background-image":"","background-repeat":"repeat","background-position":"center center","background-size":"auto","background-attachment":"scroll","background-type":"","background-media":"","overlay-type":"","overlay-color":"","overlay-opacity":"","overlay-gradient":""},"mobile":{"background-color":"var(--ast-global-color-5)","background-image":"","background-repeat":"repeat","background-position":"center center","background-size":"auto","background-attachment":"scroll","background-type":"","background-media":"","overlay-type":"","overlay-color":"","overlay-opacity":"","overlay-gradient":""}},"footnotes":""},"categories":[],"tags":[],"class_list":["post-126","page","type-page","status-publish","hentry"],"yoast_head":"<title>bio - tw_business<\/title>\n<meta name=\"robots\" content=\"index, follow, max-snippet:-1, max-image-preview:large, max-video-preview:-1\" \/>\n<link rel=\"canonical\" href=\"https:\/\/tw-business.net\/en\/bio\/\" \/>\n<meta property=\"og:locale\" content=\"en_GB\" \/>\n<meta property=\"og:type\" content=\"article\" \/>\n<meta property=\"og:title\" content=\"bio - tw_business\" \/>\n<meta property=\"og:description\" content=\"bio In K\u00fcrze &#8211; eine solide Berufserfahrung, mit Abschluss als Dipl.-Ing (FH) Elektrotechnik \/ Automatisierung, \u00fcber mehr als zwei Jahrzehnte. Beginnend vom Software-Tester \u00fcber Test-Management und Projekt-Management, bis hin zu Qualit\u00e4ts-Management. Nunmehr angekommen in der agilen Welt, in der Welt von Scrum. An Branchen w\u00e4ren die Automobil-Zulieferindustrie, \u00fcber verschiedene Dienstleistungs-Unternehmen, die Pharmazie-Branche bis zu Logistik-Unternehmen [&hellip;]\" \/>\n<meta property=\"og:url\" content=\"https:\/\/tw-business.net\/en\/bio\/\" \/>\n<meta property=\"og:site_name\" content=\"tw_business\" \/>\n<meta property=\"article:modified_time\" content=\"2023-02-15T15:31:59+00:00\" \/>\n<meta property=\"og:image\" content=\"https:\/\/tw-business.net\/wp-content\/uploads\/2021\/09\/twb_mealmosthalf_CV-275x300.png\" \/>\n<meta name=\"twitter:card\" content=\"summary_large_image\" \/>\n<meta name=\"twitter:label1\" content=\"Estimated reading time\" \/>\n\t<meta name=\"twitter:data1\" content=\"2 minutes\" \/>\n<script type=\"application\/ld+json\" class=\"yoast-schema-graph\">{\"@context\":\"https:\/\/schema.org\",\"@graph\":[{\"@type\":\"WebPage\",\"@id\":\"https:\/\/tw-business.net\/bio\/\",\"url\":\"https:\/\/tw-business.net\/bio\/\",\"name\":\"bio - tw_business\",\"isPartOf\":{\"@id\":\"https:\/\/tw-business.net\/#website\"},\"primaryImageOfPage\":{\"@id\":\"https:\/\/tw-business.net\/bio\/#primaryimage\"},\"image\":{\"@id\":\"https:\/\/tw-business.net\/bio\/#primaryimage\"},\"thumbnailUrl\":\"https:\/\/tw-business.net\/wp-content\/uploads\/2021\/09\/twb_mealmosthalf_CV-275x300.png\",\"datePublished\":\"2018-11-26T10:45:57+00:00\",\"dateModified\":\"2023-02-15T15:31:59+00:00\",\"breadcrumb\":{\"@id\":\"https:\/\/tw-business.net\/bio\/#breadcrumb\"},\"inLanguage\":\"en-GB\",\"potentialAction\":[{\"@type\":\"ReadAction\",\"target\":[\"https:\/\/tw-business.net\/bio\/\"]}]},{\"@type\":\"ImageObject\",\"inLanguage\":\"en-GB\",\"@id\":\"https:\/\/tw-business.net\/bio\/#primaryimage\",\"url\":\"https:\/\/tw-business.net\/wp-content\/uploads\/2021\/09\/twb_mealmosthalf_CV-275x300.png\",\"contentUrl\":\"https:\/\/tw-business.net\/wp-content\/uploads\/2021\/09\/twb_mealmosthalf_CV-275x300.png\"},{\"@type\":\"BreadcrumbList\",\"@id\":\"https:\/\/tw-business.net\/bio\/#breadcrumb\",\"itemListElement\":[{\"@type\":\"ListItem\",\"position\":1,\"name\":\"home\",\"item\":\"https:\/\/tw-business.net\/\"},{\"@type\":\"ListItem\",\"position\":2,\"name\":\"bio\"}]},{\"@type\":\"WebSite\",\"@id\":\"https:\/\/tw-business.net\/#website\",\"url\":\"https:\/\/tw-business.net\/\",\"name\":\"tw_business\",\"description\":\"freelancing in scrum framework, management systems, project + test coordination\",\"publisher\":{\"@id\":\"https:\/\/tw-business.net\/#organization\"},\"potentialAction\":[{\"@type\":\"SearchAction\",\"target\":{\"@type\":\"EntryPoint\",\"urlTemplate\":\"https:\/\/tw-business.net\/?s={search_term_string}\"},\"query-input\":{\"@type\":\"PropertyValueSpecification\",\"valueRequired\":true,\"valueName\":\"search_term_string\"}}],\"inLanguage\":\"en-GB\"},{\"@type\":\"Organization\",\"@id\":\"https:\/\/tw-business.net\/#organization\",\"name\":\"tw_business\",\"url\":\"https:\/\/tw-business.net\/\",\"logo\":{\"@type\":\"ImageObject\",\"inLanguage\":\"en-GB\",\"@id\":\"https:\/\/tw-business.net\/#\/schema\/logo\/image\/\",\"url\":\"https:\/\/tw-business.net\/wp-content\/uploads\/2021\/09\/Logo_tw_business_trans.png\",\"contentUrl\":\"https:\/\/tw-business.net\/wp-content\/uploads\/2021\/09\/Logo_tw_business_trans.png\",\"width\":406,\"height\":115,\"caption\":\"tw_business\"},\"image\":{\"@id\":\"https:\/\/tw-business.net\/#\/schema\/logo\/image\/\"}}]}<\/script>","yoast_head_json":{"title":"bio - tw_business","robots":{"index":"index","follow":"follow","max-snippet":"max-snippet:-1","max-image-preview":"max-image-preview:large","max-video-preview":"max-video-preview:-1"},"canonical":"https:\/\/tw-business.net\/en\/bio\/","og_locale":"en_GB","og_type":"article","og_title":"bio - tw_business","og_description":"bio In K\u00fcrze &#8211; eine solide Berufserfahrung, mit Abschluss als Dipl.-Ing (FH) Elektrotechnik \/ Automatisierung, \u00fcber mehr als zwei Jahrzehnte. Beginnend vom Software-Tester \u00fcber Test-Management und Projekt-Management, bis hin zu Qualit\u00e4ts-Management. Nunmehr angekommen in der agilen Welt, in der Welt von Scrum. An Branchen w\u00e4ren die Automobil-Zulieferindustrie, \u00fcber verschiedene Dienstleistungs-Unternehmen, die Pharmazie-Branche bis zu Logistik-Unternehmen [&hellip;]","og_url":"https:\/\/tw-business.net\/en\/bio\/","og_site_name":"tw_business","article_modified_time":"2023-02-15T15:31:59+00:00","og_image":[{"url":"https:\/\/tw-business.net\/wp-content\/uploads\/2021\/09\/twb_mealmosthalf_CV-275x300.png","type":"","width":"","height":""}],"twitter_card":"summary_large_image","twitter_misc":{"Estimated reading time":"2 minutes"},"schema":{"@context":"https:\/\/schema.org","@graph":[{"@type":"WebPage","@id":"https:\/\/tw-business.net\/bio\/","url":"https:\/\/tw-business.net\/bio\/","name":"bio - tw_business","isPartOf":{"@id":"https:\/\/tw-business.net\/#website"},"primaryImageOfPage":{"@id":"https:\/\/tw-business.net\/bio\/#primaryimage"},"image":{"@id":"https:\/\/tw-business.net\/bio\/#primaryimage"},"thumbnailUrl":"https:\/\/tw-business.net\/wp-content\/uploads\/2021\/09\/twb_mealmosthalf_CV-275x300.png","datePublished":"2018-11-26T10:45:57+00:00","dateModified":"2023-02-15T15:31:59+00:00","breadcrumb":{"@id":"https:\/\/tw-business.net\/bio\/#breadcrumb"},"inLanguage":"en-GB","potentialAction":[{"@type":"ReadAction","target":["https:\/\/tw-business.net\/bio\/"]}]},{"@type":"ImageObject","inLanguage":"en-GB","@id":"https:\/\/tw-business.net\/bio\/#primaryimage","url":"https:\/\/tw-business.net\/wp-content\/uploads\/2021\/09\/twb_mealmosthalf_CV-275x300.png","contentUrl":"https:\/\/tw-business.net\/wp-content\/uploads\/2021\/09\/twb_mealmosthalf_CV-275x300.png"},{"@type":"BreadcrumbList","@id":"https:\/\/tw-business.net\/bio\/#breadcrumb","itemListElement":[{"@type":"ListItem","position":1,"name":"home","item":"https:\/\/tw-business.net\/"},{"@type":"ListItem","position":2,"name":"bio"}]},{"@type":"WebSite","@id":"https:\/\/tw-business.net\/#website","url":"https:\/\/tw-business.net\/","name":"tw_business","description":"freelancing in scrum framework, management systems, project + test coordination","publisher":{"@id":"https:\/\/tw-business.net\/#organization"},"potentialAction":[{"@type":"SearchAction","target":{"@type":"EntryPoint","urlTemplate":"https:\/\/tw-business.net\/?s={search_term_string}"},"query-input":{"@type":"PropertyValueSpecification","valueRequired":true,"valueName":"search_term_string"}}],"inLanguage":"en-GB"},{"@type":"Organization","@id":"https:\/\/tw-business.net\/#organization","name":"tw_business","url":"https:\/\/tw-business.net\/","logo":{"@type":"ImageObject","inLanguage":"en-GB","@id":"https:\/\/tw-business.net\/#\/schema\/logo\/image\/","url":"https:\/\/tw-business.net\/wp-content\/uploads\/2021\/09\/Logo_tw_business_trans.png","contentUrl":"https:\/\/tw-business.net\/wp-content\/uploads\/2021\/09\/Logo_tw_business_trans.png","width":406,"height":115,"caption":"tw_business"},"image":{"@id":"https:\/\/tw-business.net\/#\/schema\/logo\/image\/"}}]}},"_links":{"self":[{"href":"http:\/\/tw-business.net\/en\/wp-json\/wp\/v2\/pages\/126","targetHints":{"allow":["GET"]}}],"collection":[{"href":"http:\/\/tw-business.net\/en\/wp-json\/wp\/v2\/pages"}],"about":[{"href":"http:\/\/tw-business.net\/en\/wp-json\/wp\/v2\/types\/page"}],"author":[{"embeddable":true,"href":"http:\/\/tw-business.net\/en\/wp-json\/wp\/v2\/users\/4"}],"replies":[{"embeddable":true,"href":"http:\/\/tw-business.net\/en\/wp-json\/wp\/v2\/comments?post=126"}],"version-history":[{"count":2,"href":"http:\/\/tw-business.net\/en\/wp-json\/wp\/v2\/pages\/126\/revisions"}],"predecessor-version":[{"id":3333,"href":"http:\/\/tw-business.net\/en\/wp-json\/wp\/v2\/pages\/126\/revisions\/3333"}],"wp:attachment":[{"href":"http:\/\/tw-business.net\/en\/wp-json\/wp\/v2\/media?parent=126"}],"wp:term":[{"taxonomy":"category","embeddable":true,"href":"http:\/\/tw-business.net\/en\/wp-json\/wp\/v2\/categories?post=126"},{"taxonomy":"post_tag","embeddable":true,"href":"http:\/\/tw-business.net\/en\/wp-json\/wp\/v2\/tags?post=126"}],"curies":[{"name":"wp","href":"https:\/\/api.w.org\/{rel}","templated":true}]}}