{"id":859,"date":"2021-09-10T14:47:34","date_gmt":"2021-09-10T12:47:34","guid":{"rendered":"https:\/\/tw-business.net\/?page_id=859"},"modified":"2024-11-08T12:48:11","modified_gmt":"2024-11-08T10:48:11","slug":"impressum","status":"publish","type":"page","link":"https:\/\/tw-business.net\/en\/impressum\/","title":{"rendered":"privacy policy"},"content":{"rendered":"<div data-elementor-type=\"wp-page\" data-elementor-id=\"859\" class=\"elementor elementor-859\" data-elementor-post-type=\"page\">\n\t\t\t\t\t\t<section class=\"elementor-section elementor-top-section elementor-element elementor-element-ee28362 elementor-section-content-middle elementor-section-boxed elementor-section-height-default elementor-section-height-default\" data-id=\"ee28362\" data-element_type=\"section\" data-e-type=\"section\" data-settings=\"{&quot;background_background&quot;:&quot;classic&quot;}\">\n\t\t\t\t\t\t\t<div class=\"elementor-background-overlay\"><\/div>\n\t\t\t\t\t\t\t<div class=\"elementor-container elementor-column-gap-no\">\n\t\t\t\t\t<div class=\"elementor-column elementor-col-100 elementor-top-column elementor-element elementor-element-5646999\" data-id=\"5646999\" data-element_type=\"column\" data-e-type=\"column\">\n\t\t\t<div class=\"elementor-widget-wrap elementor-element-populated\">\n\t\t\t\t\t\t<div class=\"elementor-element elementor-element-5985099 elementor-widget__width-initial elementor-widget elementor-widget-heading\" data-id=\"5985099\" data-element_type=\"widget\" data-e-type=\"widget\" data-widget_type=\"heading.default\">\n\t\t\t\t<div class=\"elementor-widget-container\">\n\t\t\t\t\t<span class=\"elementor-heading-title elementor-size-default\">privacy policy &amp; imprint<\/span>\t\t\t\t<\/div>\n\t\t\t\t<\/div>\n\t\t\t\t\t<\/div>\n\t\t<\/div>\n\t\t\t\t\t<\/div>\n\t\t<\/section>\n\t\t\t\t<section class=\"elementor-section elementor-top-section elementor-element elementor-element-826f11d elementor-section-content-top elementor-section-boxed elementor-section-height-default elementor-section-height-default\" data-id=\"826f11d\" data-element_type=\"section\" data-e-type=\"section\">\n\t\t\t\t\t\t<div class=\"elementor-container elementor-column-gap-no\">\n\t\t\t\t\t<div class=\"elementor-column elementor-col-100 elementor-top-column elementor-element elementor-element-86de06e\" data-id=\"86de06e\" data-element_type=\"column\" data-e-type=\"column\">\n\t\t\t<div class=\"elementor-widget-wrap elementor-element-populated\">\n\t\t\t\t\t\t<div class=\"elementor-element elementor-element-9ac97fd elementor-widget elementor-widget-heading\" data-id=\"9ac97fd\" data-element_type=\"widget\" data-e-type=\"widget\" data-widget_type=\"heading.default\">\n\t\t\t\t<div class=\"elementor-widget-container\">\n\t\t\t\t\t<h4 class=\"elementor-heading-title elementor-size-default\">Legal Details TMG (Tele-Medien-Gesetz)<\/h4>\t\t\t\t<\/div>\n\t\t\t\t<\/div>\n\t\t\t\t<div class=\"elementor-element elementor-element-68a6e95 elementor-widget elementor-widget-text-editor\" data-id=\"68a6e95\" data-element_type=\"widget\" data-e-type=\"widget\" data-widget_type=\"text-editor.default\">\n\t\t\t\t<div class=\"elementor-widget-container\">\n\t\t\t\t\t\t\t\t\t<p style=\"text-align: left;\">tw_business<br \/>Finkenweg 9<br \/>98617 Meiningen<br \/>Germany<\/p>\t\t\t\t\t\t\t\t<\/div>\n\t\t\t\t<\/div>\n\t\t\t\t<div class=\"elementor-element elementor-element-71c23df elementor-widget elementor-widget-heading\" data-id=\"71c23df\" data-element_type=\"widget\" data-e-type=\"widget\" data-widget_type=\"heading.default\">\n\t\t\t\t<div class=\"elementor-widget-container\">\n\t\t\t\t\t<h4 class=\"elementor-heading-title elementor-size-default\">Nonliability<\/h4>\t\t\t\t<\/div>\n\t\t\t\t<\/div>\n\t\t\t\t<div class=\"elementor-element elementor-element-622ac3b elementor-widget elementor-widget-heading\" data-id=\"622ac3b\" data-element_type=\"widget\" data-e-type=\"widget\" data-widget_type=\"heading.default\">\n\t\t\t\t<div class=\"elementor-widget-container\">\n\t\t\t\t\t<h5 class=\"elementor-heading-title elementor-size-default\">Contents of tw_business<\/h5>\t\t\t\t<\/div>\n\t\t\t\t<\/div>\n\t\t\t\t<div class=\"elementor-element elementor-element-ccae6f8 elementor-widget elementor-widget-text-editor\" data-id=\"ccae6f8\" data-element_type=\"widget\" data-e-type=\"widget\" data-widget_type=\"text-editor.default\">\n\t\t\t\t<div class=\"elementor-widget-container\">\n\t\t\t\t\t\t\t\t\t<p class=\"translation-block\">Web page contents are originated of the single domain tw-business.net, and do not embed third-party contents. tw_business denotes to be responsible for contents, according to German law of TMG. Pictures and photography are originated of my own. Application logo all have been implemented in compliance with the provider. Contents have been revised for correctness and integrity at the time of creation. There is no liability for the time being after. Wordpress web page hosting is provided by company Strato, <a href=\"http:\/\/www.strato.de\" target=\"_self\">www.strato.de<\/a> .<\/p>\t\t\t\t\t\t\t\t<\/div>\n\t\t\t\t<\/div>\n\t\t\t\t<div class=\"elementor-element elementor-element-f29e815 elementor-widget elementor-widget-heading\" data-id=\"f29e815\" data-element_type=\"widget\" data-e-type=\"widget\" data-widget_type=\"heading.default\">\n\t\t\t\t<div class=\"elementor-widget-container\">\n\t\t\t\t\t<h4 class=\"elementor-heading-title elementor-size-default\">Web links<\/h4>\t\t\t\t<\/div>\n\t\t\t\t<\/div>\n\t\t\t\t<div class=\"elementor-element elementor-element-92fa7b3 elementor-widget elementor-widget-text-editor\" data-id=\"92fa7b3\" data-element_type=\"widget\" data-e-type=\"widget\" data-widget_type=\"text-editor.default\">\n\t\t\t\t<div class=\"elementor-widget-container\">\n\t\t\t\t\t\t\t\t\t<p>There is no liability of third-party links embedded at tw_business web page. Contents are in charge by their own. These links will be removed in case of any infringement occurrence and disclosure.<\/p>\t\t\t\t\t\t\t\t<\/div>\n\t\t\t\t<\/div>\n\t\t\t\t<div class=\"elementor-element elementor-element-e8baf00 elementor-widget elementor-widget-heading\" data-id=\"e8baf00\" data-element_type=\"widget\" data-e-type=\"widget\" data-widget_type=\"heading.default\">\n\t\t\t\t<div class=\"elementor-widget-container\">\n\t\t\t\t\t<h4 class=\"elementor-heading-title elementor-size-default\">Copyright<\/h4>\t\t\t\t<\/div>\n\t\t\t\t<\/div>\n\t\t\t\t<div class=\"elementor-element elementor-element-fdd157c elementor-widget elementor-widget-text-editor\" data-id=\"fdd157c\" data-element_type=\"widget\" data-e-type=\"widget\" data-widget_type=\"text-editor.default\">\n\t\t\t\t<div class=\"elementor-widget-container\">\n\t\t\t\t\t\t\t\t\t<p>Any kind of appropriation of tw_business contents is subjected to written acceptance. Copies download is permitted for private purposes exclusively.<\/p>\t\t\t\t\t\t\t\t<\/div>\n\t\t\t\t<\/div>\n\t\t\t\t<div class=\"elementor-element elementor-element-48b5bc1 elementor-widget elementor-widget-heading\" data-id=\"48b5bc1\" data-element_type=\"widget\" data-e-type=\"widget\" data-widget_type=\"heading.default\">\n\t\t\t\t<div class=\"elementor-widget-container\">\n\t\t\t\t\t<h4 class=\"elementor-heading-title elementor-size-default\">Privacy protection<\/h4>\t\t\t\t<\/div>\n\t\t\t\t<\/div>\n\t\t\t\t<div class=\"elementor-element elementor-element-c49c035 elementor-widget elementor-widget-text-editor\" data-id=\"c49c035\" data-element_type=\"widget\" data-e-type=\"widget\" data-widget_type=\"text-editor.default\">\n\t\t\t\t<div class=\"elementor-widget-container\">\n\t\t\t\t\t\t\t\t\t<p>tw_business web page usage is featured without any need of individually related data.\n\nWordpress web page hosting is provided by company Strato, www.strato.de. According to contract of data processing with Strato, privacy protection is assured, in accordance to EU General Data Protection Regulation (GDPR).<\/p>\t\t\t\t\t\t\t\t<\/div>\n\t\t\t\t<\/div>\n\t\t\t\t<div class=\"elementor-element elementor-element-8efbbf8 elementor-widget elementor-widget-heading\" data-id=\"8efbbf8\" data-element_type=\"widget\" data-e-type=\"widget\" data-widget_type=\"heading.default\">\n\t\t\t\t<div class=\"elementor-widget-container\">\n\t\t\t\t\t<h4 class=\"elementor-heading-title elementor-size-default\">Contact<\/h4>\t\t\t\t<\/div>\n\t\t\t\t<\/div>\n\t\t\t\t<div class=\"elementor-element elementor-element-15054af elementor-widget elementor-widget-text-editor\" data-id=\"15054af\" data-element_type=\"widget\" data-e-type=\"widget\" data-widget_type=\"text-editor.default\">\n\t\t\t\t<div class=\"elementor-widget-container\">\n\t\t\t\t\t\t\t\t\t<p>Sending an inquiry by contact form solely serves for request of answering. Contact information are provided by originator's choice. Pressing the Send button, the originator agrees to contact data processing according to GDPR. The agreement can be withdrawn at any time, but without affecting contact data processing by then. Originator's contact data will be deleted immediately after withdrawal.<\/p><p>Sending non-required advertising or information material contradicts to intended purpose of tw_business contact data publication.<\/p>\t\t\t\t\t\t\t\t<\/div>\n\t\t\t\t<\/div>\n\t\t\t\t<div class=\"elementor-element elementor-element-ce97768 elementor-widget elementor-widget-heading\" data-id=\"ce97768\" data-element_type=\"widget\" data-e-type=\"widget\" data-widget_type=\"heading.default\">\n\t\t\t\t<div class=\"elementor-widget-container\">\n\t\t\t\t\t<h4 class=\"elementor-heading-title elementor-size-default\">Cookies<\/h4>\t\t\t\t<\/div>\n\t\t\t\t<\/div>\n\t\t\t\t<div class=\"elementor-element elementor-element-4718761 elementor-widget elementor-widget-text-editor\" data-id=\"4718761\" data-element_type=\"widget\" data-e-type=\"widget\" data-widget_type=\"text-editor.default\">\n\t\t\t\t<div class=\"elementor-widget-container\">\n\t\t\t\t\t\t\t\t\t<p>Web pages opened basically apply to session cookies, temporarily saved by web browser. Such cookies don't save privacy details and will be deleted at web browser closure. Regarding cookies, it is basically referred to contract of data processing between tw_business and Strato, as mentioned above.<\/p><p>Visting tw_business web page is recognised by statistics cookie that neither uses external services nor surveys visitor data. It can be opt out by page cookie settings or 'Do Not Track' browser settings.<\/p>\t\t\t\t\t\t\t\t<\/div>\n\t\t\t\t<\/div>\n\t\t\t\t<div class=\"elementor-element elementor-element-8f9c32a elementor-widget elementor-widget-heading\" data-id=\"8f9c32a\" data-element_type=\"widget\" data-e-type=\"widget\" data-widget_type=\"heading.default\">\n\t\t\t\t<div class=\"elementor-widget-container\">\n\t\t\t\t\t<h4 class=\"elementor-heading-title elementor-size-default\">tw_business contact data<\/h4>\t\t\t\t<\/div>\n\t\t\t\t<\/div>\n\t\t\t\t<div class=\"elementor-element elementor-element-3b0d1fc elementor-widget elementor-widget-text-editor\" data-id=\"3b0d1fc\" data-element_type=\"widget\" data-e-type=\"widget\" data-widget_type=\"text-editor.default\">\n\t\t\t\t<div class=\"elementor-widget-container\">\n\t\t\t\t\t\t\t\t\t<p>Publication of tw_business contact data complies to direct addressing as well as data processing, according to GDPR. Contact data publication is explicitly restricted in use to companies as well as sole proprietor, for recruitment and subsequently of unambiguous intention of assignment.<\/p>\t\t\t\t\t\t\t\t<\/div>\n\t\t\t\t<\/div>\n\t\t\t\t\t<\/div>\n\t\t<\/div>\n\t\t\t\t\t<\/div>\n\t\t<\/section>\n\t\t\t\t<\/div>","protected":false},"excerpt":{"rendered":"<p>datenschutz &amp; impressum Angaben nach TMG tw_businessFinkenweg 998617 MeiningenDeutschland Haftungs-Ausschluss tw_business Inhalte Die Inhalte stammen gesamt aus der Dom\u00e4ne tw-business.net, ohne Einbindung von Fremd-Inhalten. Nach TMG ist tw_business f\u00fcr die Inhalte verantwortlich. Bilder sowie Fotografien stammen ausschlie\u00dflich aus eigenen Sourcen. Applikations-Logos sind in \u00dcbereinstimmung mit den jeweiligen Abietern eingebunden. Die Web Pages wurden zum Zeitpunkt [&hellip;]<\/p>\n","protected":false},"author":4,"featured_media":0,"parent":0,"menu_order":0,"comment_status":"closed","ping_status":"closed","template":"","meta":{"site-sidebar-layout":"no-sidebar","site-content-layout":"page-builder","ast-site-content-layout":"default","site-content-style":"default","site-sidebar-style":"default","ast-global-header-display":"","ast-banner-title-visibility":"","ast-main-header-display":"","ast-hfb-above-header-display":"","ast-hfb-below-header-display":"","ast-hfb-mobile-header-display":"","site-post-title":"disabled","ast-breadcrumbs-content":"","ast-featured-img":"disabled","footer-sml-layout":"","ast-disable-related-posts":"","theme-transparent-header-meta":"default","adv-header-id-meta":"","stick-header-meta":"default","header-above-stick-meta":"","header-main-stick-meta":"","header-below-stick-meta":"","astra-migrate-meta-layouts":"default","ast-page-background-enabled":"default","ast-page-background-meta":{"desktop":{"background-color":"","background-image":"","background-repeat":"repeat","background-position":"center center","background-size":"auto","background-attachment":"scroll","background-type":"","background-media":"","overlay-type":"","overlay-color":"","overlay-opacity":"","overlay-gradient":""},"tablet":{"background-color":"","background-image":"","background-repeat":"repeat","background-position":"center center","background-size":"auto","background-attachment":"scroll","background-type":"","background-media":"","overlay-type":"","overlay-color":"","overlay-opacity":"","overlay-gradient":""},"mobile":{"background-color":"","background-image":"","background-repeat":"repeat","background-position":"center center","background-size":"auto","background-attachment":"scroll","background-type":"","background-media":"","overlay-type":"","overlay-color":"","overlay-opacity":"","overlay-gradient":""}},"ast-content-background-meta":{"desktop":{"background-color":"var(--ast-global-color-5)","background-image":"","background-repeat":"repeat","background-position":"center center","background-size":"auto","background-attachment":"scroll","background-type":"","background-media":"","overlay-type":"","overlay-color":"","overlay-opacity":"","overlay-gradient":""},"tablet":{"background-color":"var(--ast-global-color-5)","background-image":"","background-repeat":"repeat","background-position":"center center","background-size":"auto","background-attachment":"scroll","background-type":"","background-media":"","overlay-type":"","overlay-color":"","overlay-opacity":"","overlay-gradient":""},"mobile":{"background-color":"var(--ast-global-color-5)","background-image":"","background-repeat":"repeat","background-position":"center center","background-size":"auto","background-attachment":"scroll","background-type":"","background-media":"","overlay-type":"","overlay-color":"","overlay-opacity":"","overlay-gradient":""}},"footnotes":""},"categories":[],"tags":[],"class_list":["post-859","page","type-page","status-publish","hentry"],"yoast_head":"<title>impressum - tw_business<\/title>\n<meta name=\"robots\" content=\"index, follow, max-snippet:-1, max-image-preview:large, max-video-preview:-1\" \/>\n<link rel=\"canonical\" href=\"https:\/\/tw-business.net\/en\/impressum\/\" \/>\n<meta property=\"og:locale\" content=\"en_GB\" \/>\n<meta property=\"og:type\" content=\"article\" \/>\n<meta property=\"og:title\" content=\"impressum - tw_business\" \/>\n<meta property=\"og:description\" content=\"datenschutz &amp; impressum Angaben nach TMG tw_businessFinkenweg 998617 MeiningenDeutschland Haftungs-Ausschluss tw_business Inhalte Die Inhalte stammen gesamt aus der Dom\u00e4ne tw-business.net, ohne Einbindung von Fremd-Inhalten. Nach TMG ist tw_business f\u00fcr die Inhalte verantwortlich. Bilder sowie Fotografien stammen ausschlie\u00dflich aus eigenen Sourcen. Applikations-Logos sind in \u00dcbereinstimmung mit den jeweiligen Abietern eingebunden. Die Web Pages wurden zum Zeitpunkt [&hellip;]\" \/>\n<meta property=\"og:url\" content=\"https:\/\/tw-business.net\/en\/impressum\/\" \/>\n<meta property=\"og:site_name\" content=\"tw_business\" \/>\n<meta property=\"article:modified_time\" content=\"2024-11-08T10:48:11+00:00\" \/>\n<meta name=\"twitter:card\" content=\"summary_large_image\" \/>\n<meta name=\"twitter:label1\" content=\"Estimated reading time\" \/>\n\t<meta name=\"twitter:data1\" content=\"2 minutes\" \/>\n<script type=\"application\/ld+json\" class=\"yoast-schema-graph\">{\"@context\":\"https:\/\/schema.org\",\"@graph\":[{\"@type\":\"WebPage\",\"@id\":\"https:\/\/tw-business.net\/impressum\/\",\"url\":\"https:\/\/tw-business.net\/impressum\/\",\"name\":\"impressum - tw_business\",\"isPartOf\":{\"@id\":\"https:\/\/tw-business.net\/#website\"},\"datePublished\":\"2021-09-10T12:47:34+00:00\",\"dateModified\":\"2024-11-08T10:48:11+00:00\",\"breadcrumb\":{\"@id\":\"https:\/\/tw-business.net\/impressum\/#breadcrumb\"},\"inLanguage\":\"en-GB\",\"potentialAction\":[{\"@type\":\"ReadAction\",\"target\":[\"https:\/\/tw-business.net\/impressum\/\"]}]},{\"@type\":\"BreadcrumbList\",\"@id\":\"https:\/\/tw-business.net\/impressum\/#breadcrumb\",\"itemListElement\":[{\"@type\":\"ListItem\",\"position\":1,\"name\":\"home\",\"item\":\"https:\/\/tw-business.net\/\"},{\"@type\":\"ListItem\",\"position\":2,\"name\":\"impressum\"}]},{\"@type\":\"WebSite\",\"@id\":\"https:\/\/tw-business.net\/#website\",\"url\":\"https:\/\/tw-business.net\/\",\"name\":\"tw_business\",\"description\":\"freelancing in scrum framework, management systems, project + test coordination\",\"publisher\":{\"@id\":\"https:\/\/tw-business.net\/#organization\"},\"potentialAction\":[{\"@type\":\"SearchAction\",\"target\":{\"@type\":\"EntryPoint\",\"urlTemplate\":\"https:\/\/tw-business.net\/?s={search_term_string}\"},\"query-input\":{\"@type\":\"PropertyValueSpecification\",\"valueRequired\":true,\"valueName\":\"search_term_string\"}}],\"inLanguage\":\"en-GB\"},{\"@type\":\"Organization\",\"@id\":\"https:\/\/tw-business.net\/#organization\",\"name\":\"tw_business\",\"url\":\"https:\/\/tw-business.net\/\",\"logo\":{\"@type\":\"ImageObject\",\"inLanguage\":\"en-GB\",\"@id\":\"https:\/\/tw-business.net\/#\/schema\/logo\/image\/\",\"url\":\"https:\/\/tw-business.net\/wp-content\/uploads\/2021\/09\/Logo_tw_business_trans.png\",\"contentUrl\":\"https:\/\/tw-business.net\/wp-content\/uploads\/2021\/09\/Logo_tw_business_trans.png\",\"width\":406,\"height\":115,\"caption\":\"tw_business\"},\"image\":{\"@id\":\"https:\/\/tw-business.net\/#\/schema\/logo\/image\/\"}}]}<\/script>","yoast_head_json":{"title":"impressum - tw_business","robots":{"index":"index","follow":"follow","max-snippet":"max-snippet:-1","max-image-preview":"max-image-preview:large","max-video-preview":"max-video-preview:-1"},"canonical":"https:\/\/tw-business.net\/en\/impressum\/","og_locale":"en_GB","og_type":"article","og_title":"impressum - tw_business","og_description":"datenschutz &amp; impressum Angaben nach TMG tw_businessFinkenweg 998617 MeiningenDeutschland Haftungs-Ausschluss tw_business Inhalte Die Inhalte stammen gesamt aus der Dom\u00e4ne tw-business.net, ohne Einbindung von Fremd-Inhalten. Nach TMG ist tw_business f\u00fcr die Inhalte verantwortlich. Bilder sowie Fotografien stammen ausschlie\u00dflich aus eigenen Sourcen. Applikations-Logos sind in \u00dcbereinstimmung mit den jeweiligen Abietern eingebunden. Die Web Pages wurden zum Zeitpunkt [&hellip;]","og_url":"https:\/\/tw-business.net\/en\/impressum\/","og_site_name":"tw_business","article_modified_time":"2024-11-08T10:48:11+00:00","twitter_card":"summary_large_image","twitter_misc":{"Estimated reading time":"2 minutes"},"schema":{"@context":"https:\/\/schema.org","@graph":[{"@type":"WebPage","@id":"https:\/\/tw-business.net\/impressum\/","url":"https:\/\/tw-business.net\/impressum\/","name":"impressum - tw_business","isPartOf":{"@id":"https:\/\/tw-business.net\/#website"},"datePublished":"2021-09-10T12:47:34+00:00","dateModified":"2024-11-08T10:48:11+00:00","breadcrumb":{"@id":"https:\/\/tw-business.net\/impressum\/#breadcrumb"},"inLanguage":"en-GB","potentialAction":[{"@type":"ReadAction","target":["https:\/\/tw-business.net\/impressum\/"]}]},{"@type":"BreadcrumbList","@id":"https:\/\/tw-business.net\/impressum\/#breadcrumb","itemListElement":[{"@type":"ListItem","position":1,"name":"home","item":"https:\/\/tw-business.net\/"},{"@type":"ListItem","position":2,"name":"impressum"}]},{"@type":"WebSite","@id":"https:\/\/tw-business.net\/#website","url":"https:\/\/tw-business.net\/","name":"tw_business","description":"freelancing in scrum framework, management systems, project + test coordination","publisher":{"@id":"https:\/\/tw-business.net\/#organization"},"potentialAction":[{"@type":"SearchAction","target":{"@type":"EntryPoint","urlTemplate":"https:\/\/tw-business.net\/?s={search_term_string}"},"query-input":{"@type":"PropertyValueSpecification","valueRequired":true,"valueName":"search_term_string"}}],"inLanguage":"en-GB"},{"@type":"Organization","@id":"https:\/\/tw-business.net\/#organization","name":"tw_business","url":"https:\/\/tw-business.net\/","logo":{"@type":"ImageObject","inLanguage":"en-GB","@id":"https:\/\/tw-business.net\/#\/schema\/logo\/image\/","url":"https:\/\/tw-business.net\/wp-content\/uploads\/2021\/09\/Logo_tw_business_trans.png","contentUrl":"https:\/\/tw-business.net\/wp-content\/uploads\/2021\/09\/Logo_tw_business_trans.png","width":406,"height":115,"caption":"tw_business"},"image":{"@id":"https:\/\/tw-business.net\/#\/schema\/logo\/image\/"}}]}},"_links":{"self":[{"href":"https:\/\/tw-business.net\/en\/wp-json\/wp\/v2\/pages\/859","targetHints":{"allow":["GET"]}}],"collection":[{"href":"https:\/\/tw-business.net\/en\/wp-json\/wp\/v2\/pages"}],"about":[{"href":"https:\/\/tw-business.net\/en\/wp-json\/wp\/v2\/types\/page"}],"author":[{"embeddable":true,"href":"https:\/\/tw-business.net\/en\/wp-json\/wp\/v2\/users\/4"}],"replies":[{"embeddable":true,"href":"https:\/\/tw-business.net\/en\/wp-json\/wp\/v2\/comments?post=859"}],"version-history":[{"count":11,"href":"https:\/\/tw-business.net\/en\/wp-json\/wp\/v2\/pages\/859\/revisions"}],"predecessor-version":[{"id":3551,"href":"https:\/\/tw-business.net\/en\/wp-json\/wp\/v2\/pages\/859\/revisions\/3551"}],"wp:attachment":[{"href":"https:\/\/tw-business.net\/en\/wp-json\/wp\/v2\/media?parent=859"}],"wp:term":[{"taxonomy":"category","embeddable":true,"href":"https:\/\/tw-business.net\/en\/wp-json\/wp\/v2\/categories?post=859"},{"taxonomy":"post_tag","embeddable":true,"href":"https:\/\/tw-business.net\/en\/wp-json\/wp\/v2\/tags?post=859"}],"curies":[{"name":"wp","href":"https:\/\/api.w.org\/{rel}","templated":true}]}}